{"id":844,"date":"2018-11-24T17:59:54","date_gmt":"2018-11-24T17:59:54","guid":{"rendered":"http:\/\/www.hazelcovantes.ch\/?page_id=844"},"modified":"2026-04-02T20:38:45","modified_gmt":"2026-04-02T20:38:45","slug":"ueber-mich","status":"publish","type":"page","link":"https:\/\/www.hazelcovantes.ch\/?page_id=844","title":{"rendered":"\u00fcber mich"},"content":{"rendered":"\t\t<div data-elementor-type=\"wp-post\" data-elementor-id=\"844\" class=\"elementor elementor-844\">\n\t\t\t\t\t\t<section class=\"elementor-section elementor-top-section elementor-element elementor-element-5c851611 elementor-section-boxed elementor-section-height-default elementor-section-height-default wpr-particle-no wpr-jarallax-no wpr-parallax-no wpr-sticky-section-no\" data-id=\"5c851611\" data-element_type=\"section\" data-e-type=\"section\">\n\t\t\t\t\t\t<div class=\"elementor-container elementor-column-gap-default\">\n\t\t\t\t\t<div class=\"elementor-column elementor-col-100 elementor-top-column elementor-element elementor-element-73482bb7\" data-id=\"73482bb7\" data-element_type=\"column\" data-e-type=\"column\">\n\t\t\t<div class=\"elementor-widget-wrap elementor-element-populated\">\n\t\t\t\t\t\t<section class=\"elementor-section elementor-inner-section elementor-element elementor-element-1c7c6b0 elementor-section-boxed elementor-section-height-default elementor-section-height-default wpr-particle-no wpr-jarallax-no wpr-parallax-no wpr-sticky-section-no\" data-id=\"1c7c6b0\" data-element_type=\"section\" data-e-type=\"section\">\n\t\t\t\t\t\t<div class=\"elementor-container elementor-column-gap-default\">\n\t\t\t\t\t<div class=\"elementor-column elementor-col-50 elementor-inner-column elementor-element elementor-element-170a0c9\" data-id=\"170a0c9\" data-element_type=\"column\" data-e-type=\"column\">\n\t\t\t<div class=\"elementor-widget-wrap elementor-element-populated\">\n\t\t\t\t\t\t<div class=\"elementor-element elementor-element-187b708 elementor-widget elementor-widget-image\" data-id=\"187b708\" data-element_type=\"widget\" data-e-type=\"widget\" data-widget_type=\"image.default\">\n\t\t\t\t<div class=\"elementor-widget-container\">\n\t\t\t\t\t\t\t\t\t\t\t\t\t\t\t<img decoding=\"async\" src=\"https:\/\/www.hazelcovantes.ch\/wp-content\/uploads\/elementor\/thumbs\/20171229_134425-e1543180793271-nzlwa5gll202f8s2a51sc25hey9kykqx57smw5vmio.jpg\" title=\"20171229_134425\" alt=\"20171229_134425\" loading=\"lazy\" \/>\t\t\t\t\t\t\t\t\t\t\t\t\t\t\t<\/div>\n\t\t\t\t<\/div>\n\t\t\t\t\t<\/div>\n\t\t<\/div>\n\t\t\t\t<div class=\"elementor-column elementor-col-50 elementor-inner-column elementor-element elementor-element-7479670\" data-id=\"7479670\" data-element_type=\"column\" data-e-type=\"column\">\n\t\t\t<div class=\"elementor-widget-wrap elementor-element-populated\">\n\t\t\t\t\t\t<div class=\"elementor-element elementor-element-adbb76a elementor-widget elementor-widget-text-editor\" data-id=\"adbb76a\" data-element_type=\"widget\" data-e-type=\"widget\" data-widget_type=\"text-editor.default\">\n\t\t\t\t<div class=\"elementor-widget-container\">\n\t\t\t\t\t\t\t\t\t<p data-start=\"140\" data-end=\"232\"><font color=\"#000000\" face=\"var( --e-global-typography-text-font-family ), Sans-serif\"><span style=\"caret-color: rgb(0, 0, 0);\">Ich bin Hazel Covantes \u2013 Modedesignerin und Schneiderin. Geboren und aufgewachsen in Mexiko, habe ich am Institut f\u00fcr K\u00fcnste Bibiesca in Guadalajara Modedesign studiert. Nach meiner Ausbildung habe ich als selbst\u00e4ndige Schneiderin insbesondere Braut- und Festmode, Bademode sowie Lingerie entworfen und produziert. In der Schweiz habe ich anschliessend eine fortf\u00fchrende Weiterbildung an der Berufsschule Basel als Schneiderin absolviert. Seither bin ich auch hier als selbst\u00e4ndige <\/span><\/font><font color=\"#000000\"><span style=\"caret-color: rgb(0, 0, 0);\">Schneiderin t\u00e4tig<\/span><\/font><font color=\"#000000\" face=\"var( --e-global-typography-text-font-family ), Sans-serif\"><span style=\"caret-color: rgb(0, 0, 0);\">.&nbsp;<\/span><\/font><\/p>\n<p style=\"letter-spacing: normal; caret-color: #000000; color: #000000;\" data-start=\"353\" data-end=\"596\">Neben meiner Leidenschaft f\u00fcr das Entwerfen und N\u00e4hen von Mode ist die Arbeit mit Leder ein besonderes Herzst\u00fcck f\u00fcr mich. Um fortlaufend neue Techniken zu erlernen und mein handwerkliches K\u00f6nnen zu vertiefen, bilde ich mich in diesem Bereich kontinuierlich weiter.<\/p>\n<p style=\"letter-spacing: normal; caret-color: #000000; color: #000000;\" data-start=\"119\" data-end=\"463\">Durch das Anbieten von N\u00e4hkursen habe ich meine Freude daran entdeckt, Menschen auf ihrem kreativen Weg zu begleiten und sie bei der Umsetzung ihrer pers\u00f6nlichen Projekte zu unterst\u00fctzen. Auch gebe ich regelm\u00e4ssig N\u00e4hkurse f\u00fcr Kinder und habe diverse Stellvertretungen im Fach Textiles Gestalten an Schulen in der Region unterrichtet.<\/p>\n<p style=\"letter-spacing: normal; caret-color: #000000; color: #000000;\" data-start=\"119\" data-end=\"463\">Ich lege grossen Wert auf sorgf\u00e4ltige Handarbeit und langlebige, bewusst gefertigte St\u00fccke.<\/p>\t\t\t\t\t\t\t\t<\/div>\n\t\t\t\t<\/div>\n\t\t\t\t\t<\/div>\n\t\t<\/div>\n\t\t\t\t\t<\/div>\n\t\t<\/section>\n\t\t\t\t\t<\/div>\n\t\t<\/div>\n\t\t\t\t\t<\/div>\n\t\t<\/section>\n\t\t\t\t<\/div>\n\t\t","protected":false},"excerpt":{"rendered":"<p>Ich bin Hazel Covantes \u2013 Modedesignerin und Schneiderin. Geboren und aufgewachsen in Mexiko, habe ich am Institut f\u00fcr K\u00fcnste Bibiesca in Guadalajara Modedesign studiert. Nach meiner Ausbildung habe ich als selbst\u00e4ndige Schneiderin insbesondere Braut- und Festmode, Bademode sowie Lingerie entworfen und produziert. In der Schweiz habe ich anschliessend eine fortf\u00fchrende Weiterbildung an der Berufsschule Basel als Schneiderin absolviert. Seither bin ich auch hier als selbst\u00e4ndige Schneiderin t\u00e4tig.&nbsp; Neben meiner Leidenschaft f\u00fcr das Entwerfen und N\u00e4hen von Mode ist die Arbeit mit Leder ein besonderes Herzst\u00fcck f\u00fcr mich. Um fortlaufend neue Techniken zu erlernen und mein handwerkliches K\u00f6nnen zu vertiefen, bilde ich mich in diesem Bereich kontinuierlich weiter. Durch das Anbieten von N\u00e4hkursen habe ich meine Freude daran entdeckt, Menschen auf ihrem kreativen Weg zu begleiten und sie bei der Umsetzung ihrer pers\u00f6nlichen Projekte zu unterst\u00fctzen. Auch gebe ich regelm\u00e4ssig N\u00e4hkurse f\u00fcr Kinder und habe diverse Stellvertretungen im Fach Textiles Gestalten an Schulen in der Region unterrichtet. Ich lege grossen Wert auf sorgf\u00e4ltige Handarbeit und langlebige, bewusst gefertigte St\u00fccke.<\/p>\n","protected":false},"author":1,"featured_media":0,"parent":0,"menu_order":0,"comment_status":"closed","ping_status":"closed","template":"","meta":{"_crdt_document":"","advanced_seo_description":"","jetpack_seo_html_title":"","jetpack_seo_noindex":false,"jetpack_post_was_ever_published":false,"footnotes":""},"class_list":["post-844","page","type-page","status-publish","hentry"],"acf":[],"jetpack_sharing_enabled":true,"jetpack_shortlink":"https:\/\/wp.me\/PapdRJ-dC","_links":{"self":[{"href":"https:\/\/www.hazelcovantes.ch\/index.php?rest_route=\/wp\/v2\/pages\/844","targetHints":{"allow":["GET"]}}],"collection":[{"href":"https:\/\/www.hazelcovantes.ch\/index.php?rest_route=\/wp\/v2\/pages"}],"about":[{"href":"https:\/\/www.hazelcovantes.ch\/index.php?rest_route=\/wp\/v2\/types\/page"}],"author":[{"embeddable":true,"href":"https:\/\/www.hazelcovantes.ch\/index.php?rest_route=\/wp\/v2\/users\/1"}],"replies":[{"embeddable":true,"href":"https:\/\/www.hazelcovantes.ch\/index.php?rest_route=%2Fwp%2Fv2%2Fcomments&post=844"}],"version-history":[{"count":24,"href":"https:\/\/www.hazelcovantes.ch\/index.php?rest_route=\/wp\/v2\/pages\/844\/revisions"}],"predecessor-version":[{"id":1483,"href":"https:\/\/www.hazelcovantes.ch\/index.php?rest_route=\/wp\/v2\/pages\/844\/revisions\/1483"}],"wp:attachment":[{"href":"https:\/\/www.hazelcovantes.ch\/index.php?rest_route=%2Fwp%2Fv2%2Fmedia&parent=844"}],"curies":[{"name":"wp","href":"https:\/\/api.w.org\/{rel}","templated":true}]}}